{"id":18,"date":"2025-06-11T07:42:52","date_gmt":"2025-06-11T07:42:52","guid":{"rendered":"https:\/\/hsb.moby.ee\/avaleht\/"},"modified":"2025-09-24T06:42:00","modified_gmt":"2025-09-24T06:42:00","slug":"avaleht","status":"publish","type":"page","link":"https:\/\/krahviaed.hsb.ee\/en\/","title":{"rendered":"Avaleht"},"content":{"rendered":"\n<div id=\"kontakt\" class=\"wp-block-group alignfull has-background-background-color has-background is-layout-flow wp-block-group-is-layout-flow\" style=\"padding-top:var(--wp--preset--spacing--40);padding-right:var(--wp--preset--spacing--40);padding-bottom:var(--wp--preset--spacing--40);padding-left:var(--wp--preset--spacing--40)\">\n<div class=\"wp-block-group is-vertical is-content-justification-center is-layout-flex wp-container-core-group-is-layout-4832ece2 wp-block-group-is-layout-flex\" style=\"border-radius:24px;padding:0 var(--wp--preset--spacing--30);\">\n<div class=\"wp-block-group has-background-background-color has-background is-vertical is-content-justification-center is-layout-flex wp-container-core-group-is-layout-030832d8 wp-block-group-is-layout-flex\" style=\"border-radius:5px;padding-top:var(--wp--preset--spacing--20);padding-right:0;padding-bottom:var(--wp--preset--spacing--20);padding-left:0\">\n<p class=\"has-text-align-center has-large-font-size\">\n  Vee 10, Haapsalu<br>\n  <a href=\"mailto:spordikeskus@hsb.ee\">spordikeskus@hsb.ee<\/a><br>\n  <a href=\"tel:+3724725060\"><strong>+372 472 5060<\/strong><\/a> (spordikeskuse administraator)<br>\n  <a href=\"tel:+3725296709\"><strong>+372 529 6709<\/strong><\/a> (v\u00e4ljakumeister)\n<\/p>\n\n<\/div>\n\n\n\n<p class=\"has-text-align-center has-text-color has-link-color wp-elements-4e2ab0e9cdbe433f337bb9c53fb00388\" style=\"color:#545454;font-size:clamp(14.642px, 0.915rem + ((1vw - 3.2px) * 0.766), 22px);font-style:normal;font-weight:400\">Krahviaia Tennisekeskuses on viis saviliiva kattega tennisev\u00e4ljakut ja \u00fcks padeliv\u00e4ljak. Keskus on avatud suvehooajal, iga p\u00e4ev kell 7 \u2013 22. Eelneval kokkuleppel ka muudel kellaaegadel. Olenevalt ilmaoludest on v\u00e4ljakud \u00fcldjuhul avatud mai keskpaigast kuni septembri l\u00f5puni. Ilusate ilmade korral pikendame hooaega.<\/p>\n\n\n\n<p class=\"has-text-align-center has-text-color has-link-color wp-elements-7470d1bfcc4741fa230463552329c355\" style=\"color:#545454;font-size:clamp(14.642px, 0.915rem + ((1vw - 3.2px) * 0.766), 22px);font-style:normal;font-weight:400\">Kui suvehooajal ei saa vihmase ilma t\u00f5ttu Krahviaia tenniste saviliiva v\u00e4ljakuid kasutada, siis olete oodatud m\u00e4ngima \u00a0<a href=\"https:\/\/www.hsb.ee\/et\/tennisevaljakud-1\"><mark style=\"background-color:rgba(0, 0, 0, 0);color:#00aeef\" class=\"has-inline-color\"><strong>Haapsalu Staadioni kunstmurukattega v\u00e4liv\u00e4ljakutele<\/strong><\/mark><\/a>\u00a0v\u00f5i\u00a0<a href=\"https:\/\/www.hsb.ee\/et\/spordikeskuse-tennisevaljakud-1\"><mark style=\"background-color:rgba(0, 0, 0, 0);color:#00aeef\" class=\"has-inline-color\"><strong>Haapsalu Spordikeskuse sisev\u00e4ljakutele<\/strong><\/mark><\/a>.<\/p>\n<\/div>\n<\/div>\n\n\n\n<div class=\"wp-block-group alignfull has-background has-global-padding is-content-justification-center is-layout-constrained wp-container-core-group-is-layout-048fbec0 wp-block-group-is-layout-constrained\" id=\"kontakt\" style=\"background-color:#f3f3f3;margin-top:0;margin-bottom:0;padding-top:var(--wp--preset--spacing--60);padding-right:var(--wp--preset--spacing--30);padding-bottom:var(--wp--preset--spacing--60);padding-left:var(--wp--preset--spacing--30)\"><div class=\"mobyplugin\">    <div class=\"moby-col-xs-12 moby-col-sm-12 moby-col-md-12 moby-col-lg-2\">\n                    <label>&nbsp;<\/label><br>\n            <a href=\"#login\"  style=\"background-color:#337ab7 !important; color: #fff\" class=\"moby-btn  moby-login-button\">Login<\/a>\n            <\/div>\n    \n<div class=\"moby-court-timetable-table-wrap\" id=\"moby_court_schedule_wrap\">\n\n<\/div>\n<script type=\"text\/javascript\">\n\tvar mobyCourtSchedule = {\n\t\tclub_id: '',\n\t\tdate: '2026-05-02',\n\t\troom_id: '2026-05-02',\n\t\troom_filter: 'krahviaed',\n\t\troom_group_id: '',\n\t};\n<\/script>\n\n\n<script type=\"text\/x-handlebars-template\" id=\"moby_court_schedule_template\">\n\t<div id=\"mobyCalendarWidget\" class=\"content bron et moby-court-timetable-wrap\">\n\t\t<div class=\"filters \">\n\n\n\t\t\t<div class=\"moby-select-timetable-training_type moby-block-ul\" >\n\t\t\t\t{{#each roomGroups}}\n\t\t\t\t<div class=\"moby-select-court-timetable-filter-btn{{#compare this.id '==' @root.query.room_group_id}} active{{\/compare}}\" data-value=\"{{id}}\" data-target=\"moby-select-court-timetable-room-group\"  style=\"border-left:10px solid #{{color}}\">{{name}}<\/div>\n\t\t\t\t{{\/each}}\n\t\t\t<\/div>\n\n\t\t\t<label for=\"moby-select-court-timetable-room_group\" class=\"selectCont {{#compare roomGroups.length '<=' 1}}moby-hidden{{\/compare}}\">\n\t\t\t\t<select class=\"moby-select-court-timetable-filter\" data-target-var=\"room_group_id\" name=\"moby-select-court-timetable-room-group\" id=\"moby-select-court-timetable-room-group\">\n\t\t\t\t\t{{#each roomGroups}}\n\t\t\t\t\t\t<option value=\"{{id}}\" {{#compare this.id '==' @root.query.room_group_id}}selected=\"selected\"{{\/compare}}>{{name}}<\/option>\n\t\t\t\t\t{{\/each}}\n\t\t\t\t<\/select>\n\t\t\t<\/label>\n\t\t\t<input type=\"text\" id=\"moby-select-court-timetable-date\" class=\"mobyDatePicker datepicker\" placeholder=\"- Select date -\" value=\"{{now_et}}\">\n\t\t<\/div>\n\n\t\t<div class=\"mobyCalendarContainer clearfix\">\n\t\t\t<div class=\"mobyCalendarHeadingWrap\">\n\t\t\t\t<div id=\"mobyCalendarHeading\" class=\"divideCols\">\n\t\t\t\t\t<div class=\"heading \"><\/div>\n\t\t\t\t\t{{#each roomGroup.rooms}}\n\t\t\t\t\t\t<div class=\"heading  \" data-col=\"col-{{@index}}\" data-id=\"{{id}}\" data-roomname=\"{{name}}\">{{name}}<br><\/div>\n\t\t\t\t\t{{\/each}}\n\t\t\t\t<\/div>\n\t\t\t<\/div>\n\t\t\t<div id=\"mobyCalendarHolder\" class=\"divideCols et\">\n\t\t\t\t<div class=\"timeCol\">\n\t\t\t\t\t{{#each roomGroup.openingHour.Hours}}\n\t\t\t\t\t\t<div class=\"hour\" data-hour=\"{{hour}}\">\n\t\t\t\t\t\t\t{{#each minutes}}\n\t\t\t\t\t\t\t\t<div class=\"interval disabled\" data-min=\"{{minute}}\">\n\t\t\t\t\t\t\t\t\t{{..\/hour}}:{{minute}}\n\t\t\t\t\t\t\t\t<\/div>\n\t\t\t\t\t\t\t{{\/each}}\n\t\t\t\t\t\t<\/div>\n\t\t\t\t\t{{\/each}}\n\t\t\t\t<\/div>\n\t\t\t\t<div class=\"roomsContainer\">\n\t\t\t\t\t{{#compare roomGroup.openingHour.Hours.length '>=' 1}}\n\t\t\t\t\t\t{{#each roomGroup.rooms}}\n\t\t\t\t\t\t\t<div class=\"room \" data-target=\"col-{{@index}}\" data-id=\"{{id}}\" data-roomname=\"{{name}}\">\n\t\t\t\t\t\t\t\t{{#each @root.roomGroup.openingHour.Hours}}\n\t\t\t\t\t\t\t\t\t<div class=\"hour\" data-hour=\"{{hour}}\">\n\t\t\t\t\t\t\t\t\t\t{{#each minutes}}\n\t\t\t\t\t\t\t\t\t\t\t{{assign 'booking_allowed_sec_after' ('substract' @root.now_stamp ..\/..\/booking_allowed_sec_before)}}\n\t\t\t\t\t\t\t\t\t\t\t<div class=\"interval {{#compare timestamp '<=' @root.booking_allowed_sec_after}}disabled{{\/compare}}\" data-is-disabled=\"{{#compare timestamp '<=' @root.booking_allowed_sec_after}}disabled{{\/compare}}\" data-min=\"{{minute}}\">\n\t\t\t\t\t\t\t\t\t\t\t\t{{#each @root.bookings}}\n\t\t\t\t\t\t\t\t\t\t\t\t\t{{#each Rooms}}\n\t\t\t\t\t\t\t\t\t\t\t\t\t\t{{#compare ..\/..\/..\/..\/id '==' id}}\n\t\t\t\t\t\t\t\t\t\t\t\t\t\t\t{{#compare ..\/DateTimeStartStamp '==' ..\/..\/timestamp}}\n\t\t\t\t\t\t\t\t\t\t\t\t\t\t\t\t<div class=\"event {{#if ..\/OwnerID}}{{#compare @root.user_id '===' ..\/OwnerID}}cancel-booking{{\/compare}}{{\/if}}\" {{#if ..\/OwnerID}} {{#compare @root.user_id '===' ..\/OwnerID}} data-json-data='{{#json ..\/this }}{{\/json}}' data-cancel-id=\"{{..\/ID}}\" {{\/compare}}{{\/if}} data-duration=\"{{..\/DurationIn30minSlots}}\" style=\"height: {{math ..\/DurationIn30minSlots \"*\" 25}}px;background-color:#{{..\/Color}};\">\n\t\t\t\t\t\t\t\t\t\t\t\t\t\t\t\t\t<div class=\"name\">\n\t\t\t\t\t\t\t\t\t\t\t\t\t\t\t\t\t\t{{#if ..\/OwnerID}}{{#compare @root.user_id '===' ..\/OwnerID}}Cancel{{\/compare}}{{else}}Occupied{{\/if}}\n\t\t\t\t\t\t\t\t\t\t\t\t\t\t\t\t\t<\/div>\n\t\t\t\t\t\t\t\t\t\t\t\t\t\t\t\t<\/div>\n\t\t\t\t\t\t\t\t\t\t\t\t\t\t\t{{\/compare}}\n\t\t\t\t\t\t\t\t\t\t\t\t\t\t{{!-- ..\/..\/..\/this --}}\n\t\t\t\t\t\t\t\t\t\t\t\t\t\t{{\/compare}}\n\t\t\t\t\t\t\t\t\t\t\t\t\t{{\/each}}\n\t\t\t\t\t\t\t\t\t\t\t\t{{\/each}}\n\t\t\t\t\t\t\t\t\t\t\t\t<a href=\"javascript:void(0);\" class=\"showBronText\">Book <\/a>\n\t\t\t\t\t\t\t\t\t\t\t<\/div>\n\t\t\t\t\t\t\t\t\t\t{{\/each}}\n\t\t\t\t\t\t\t\t\t<\/div>\n\t\t\t\t\t\t\t\t{{\/each}}\n\t\t\t\t\t\t\t<\/div>\n\t\t\t\t\t\t{{\/each}}\n\t\t\t\t\t{{\/compare}}\n\n\t\t\t\t\t{{#compare roomGroup.openingHour.Hours.length '<' 1}}\n\t\t\t\t\t\t<div class=\"alert alert-danger\">{{roomGroup.openingHour.Comment}}<\/div>\n\t\t\t\t\t{{\/compare}}\n\n\t\t\t\t<\/div>\n\t\t\t<\/div>\n\t\t<\/div>\n\n\n\t\t<div id=\"mobyBookingFormCont\" class=\"popup not-logged-in\">\n\t\t\t<div class=\"overlay close\"><\/div>\n\t\t\t<form class=\"popupCont\">\n\t\t\t\t<a href=\"javascript: void(0);\" class=\"close\">Close<\/a>\n\t\t\t\t<div class=\"name\">\n\t\t\t\t\tBook a court\t\t\t\t<\/div>\n\t\t\t\t<div class=\"room\">\n                <span class=\"label\">\n                    Court:\n                <\/span>\n\t\t\t\t\t<span class=\"value\">\n                    []\n                <\/span>\n\t\t\t\t<\/div>\n\t\t\t\t<div class=\"roomGroup\">\n                <span class=\"label\">\n                    Activity:\n                <\/span>\n\t\t\t\t\t<span class=\"roomGroupName\"><\/span>\n\t\t\t\t<\/div>\n\t\t\t\t<div class=\"price\">\n                <span class=\"label\">\n                    Price:\n                <\/span>\n\t\t\t\t\t<span class=\"value\">\n                    [- \u20ac]\n                <\/span>\n\t\t\t\t<\/div>\n\n\t\t\t\t<div class=\"form-control mobyDiscount\">\n\t\t\t\t\t<label class=\"label\">\n\t\t\t\t\t\tDiscount code:\n\t\t\t\t\t<\/label>\n\t\t\t\t\t<span>\n                    <input id=\"mobyDiscount\" name=\"mobyDiscount\" type=\"text\" class=\"required\" placeholder=\"\">\n\t\t\t\t\t\t<div class=\"input-msg\" style=\"text-align: center; display: none; padding: 5px 0;\"><\/div>\n                <\/span>\n\n\t\t\t\t<\/div>\n\t\t\t\t<div class=\"date\">\n                <span class=\"label\">\n                    Date:\n                <\/span>\n\t\t\t\t\t<span class=\"dateText\"><\/span>\n\t\t\t\t<\/div>\n\t\t\t\t<div class=\"startTime\">\n                <span class=\"label\">\n                    Start:\n                <\/span>\n\t\t\t\t\t<span>\n                    <span class=\"hours\"><\/span>:<span class=\"minutes\"><\/span>\n                <\/span>\n\t\t\t\t\t<input type=\"hidden\" value=\"\" id=\"bookingStartTime\" class=\"required\">\n\t\t\t\t<\/div>\n\t\t\t\t<div class=\"form-control endTime\">\n\t\t\t\t\t<label class=\"label\">\n                    End:\n\t\t\t\t\t<\/label>\n\t\t\t\t\t<span>\n                    <input id=\"bookingEndTime\" name=\"bookingEndTime\" type=\"text\" class=\"required\" placeholder=\"\">\n                              <span class=\"msg\">Time must be selected!<\/span>\n                <\/span>\n\t\t\t\t<\/div>\n\n\t\t\t\t<div class=\"form-control client\">\n\t\t\t\t\t<label class=\"label\">\n                    Name:\n\t\t\t\t\t<\/label>\n\t\t\t\t\t<span>\n                    <input id=\"bookingName\" name=\"bookingName\" type=\"text\" value=\"\" class=\"required\">\n                    <span class=\"msg\">Name is not entered correctly!<\/span>\n                <\/span>\n\t\t\t\t<\/div>\n\t\t\t\t<div class=\"form-control phone\">\n\t\t\t\t\t<label class=\"label\">\n                    Phone:\n\t\t\t\t\t<\/label>\n\t\t\t\t\t<span>\n                    <input id=\"bookingPhone\" name=\"bookingPhone\" type=\"text\" value=\"\"  class=\"required\" data-type=\"phone\" placeholder=\"\">\n                    <span class=\"msg\">Phone is not entered correctly!<\/span>\n                <\/span>\n\t\t\t\t<\/div>\n\t\t\t\t<div class=\"form-control mail\">\n\t\t\t\t\t<label class=\"label\">\n                    Email:\n\t\t\t\t\t<\/label>\n\t\t\t\t\t<span>\n                    <input id=\"bookingMail\" name=\"bookingMail\" type=\"text\" value=\"\" class=\"required\" data-type=\"email\">\n                    <span class=\"msg\">Email is not entered correctly!<\/span>\n                <\/span>\n\t\t\t\t<\/div>\n\n\t\t\t\t<div class=\"form-control description\">\n\t\t\t\t\t<label class=\"label\">\n                    Comment:\n\t\t\t\t\t<\/label>\n\t\t\t\t\t<span>\n                    <textarea id=\"bookingDescription\" name=\"bookingDescription\" placeholder=\"\"><\/textarea>\n                <\/span>\n\t\t\t\t<\/div>\n\n\t\t\t\t<input type=\"submit\" id=\"bookingBookEvent\" style=\"background-color: #3085d6\" class=\"button moby-btn moby-btn-success\" value=\"Book\">\n\t\t\t\t<input type=\"hidden\" id=\"roomIdHolder\" value=\"\">\n\t\t\t\t<input type=\"hidden\" id=\"requestIdHolder\" value=\"\">\n\t\t\t\t<div id=\"mkLinkWrapper\">\n\t\t\t\t\t<a href=\"javascript:void(0);\" target=\"_parent\">\n\t\t\t\t\t\t<img decoding=\"async\" id=\"mkLinkImg\" src=\"images\/buy-btn@2x.png\">\n\t\t\t\t\t<\/a>\n\t\t\t\t<\/div>\n\t\t\t\t<div id=\"errorHolder\" style=\"margin-top: 10px; color:#bd3b1a;\">\n\n\t\t\t\t<\/div>\n\t\t\t<\/form>\n\t\t<\/div>\n\t\t<div id=\"mobyBookingSuccessMessage\" class=\"event popup\">\n\t\t\t<div class=\"overlay close\"><\/div>\n\t\t\t<div class=\"popupCont\">\n\t\t\t\t<p>Reservation successful<\/p>\n\t\t\t<\/div>\n\t\t<\/div>\n\t\t<div id=\"mobyBookingFailedMessage\" class=\"event popup\">\n\t\t\t<div class=\"overlay close\"><\/div>\n\t\t\t<div class=\"popupCont\">\n\t\t\t\t<p>Reservation failed<\/p>\n\t\t\t<\/div>\n\t\t<\/div>\n<\/div>\n\n<\/script>\n\n\n<\/div>\n\n\n\n<div class=\"wp-block-group is-content-justification-right is-nowrap is-layout-flex wp-container-core-group-is-layout-36e577f6 wp-block-group-is-layout-flex\" style=\"padding-right:var(--wp--preset--spacing--80);padding-left:var(--wp--preset--spacing--80)\">\n<p class=\"has-text-align-center has-background-color has-text-color has-background has-link-color has-archivo-font-family has-medium-font-size wp-elements-a9cff38cc0aea7d273916ce3feb02c4f\" style=\"border-radius:4px;background-color:#cd0000;margin-right:0;margin-left:0;padding-top:var(--wp--preset--spacing--20);padding-right:var(--wp--preset--spacing--20);padding-bottom:var(--wp--preset--spacing--20);padding-left:var(--wp--preset--spacing--20);font-style:normal;font-weight:400\">Vihma korral ja vihma j\u00e4rgselt kuni v\u00e4ljakute kuivamiseni on tennisekeskus suletud!<\/p>\n<\/div>\n<\/div>\n","protected":false},"excerpt":{"rendered":"<p>Vee 10, Haapsalu spordikeskus@hsb.ee +372 472 5060 (spordikeskuse administraator) +372 529 6709 (v\u00e4ljakumeister) Krahviaia Tennisekeskuses on viis saviliiva kattega tennisev\u00e4ljakut ja \u00fcks padeliv\u00e4ljak. Keskus on avatud suvehooajal, iga p\u00e4ev kell 7 \u2013 22. Eelneval kokkuleppel ka muudel kellaaegadel. Olenevalt ilmaoludest on v\u00e4ljakud \u00fcldjuhul avatud mai keskpaigast kuni septembri l\u00f5puni. Ilusate ilmade korral pikendame hooaega. Kui [&hellip;]<\/p>\n","protected":false},"author":1,"featured_media":0,"parent":0,"menu_order":0,"comment_status":"closed","ping_status":"closed","template":"no-title-sticky-header","meta":{"footnotes":""},"class_list":["post-18","page","type-page","status-publish","hentry"],"aioseo_notices":[],"_links":{"self":[{"href":"https:\/\/krahviaed.hsb.ee\/en\/wp-json\/wp\/v2\/pages\/18","targetHints":{"allow":["GET"]}}],"collection":[{"href":"https:\/\/krahviaed.hsb.ee\/en\/wp-json\/wp\/v2\/pages"}],"about":[{"href":"https:\/\/krahviaed.hsb.ee\/en\/wp-json\/wp\/v2\/types\/page"}],"author":[{"embeddable":true,"href":"https:\/\/krahviaed.hsb.ee\/en\/wp-json\/wp\/v2\/users\/1"}],"replies":[{"embeddable":true,"href":"https:\/\/krahviaed.hsb.ee\/en\/wp-json\/wp\/v2\/comments?post=18"}],"version-history":[{"count":222,"href":"https:\/\/krahviaed.hsb.ee\/en\/wp-json\/wp\/v2\/pages\/18\/revisions"}],"predecessor-version":[{"id":828,"href":"https:\/\/krahviaed.hsb.ee\/en\/wp-json\/wp\/v2\/pages\/18\/revisions\/828"}],"wp:attachment":[{"href":"https:\/\/krahviaed.hsb.ee\/en\/wp-json\/wp\/v2\/media?parent=18"}],"curies":[{"name":"wp","href":"https:\/\/api.w.org\/{rel}","templated":true}]}}